{"id":7,"date":"2023-06-26T13:38:15","date_gmt":"2023-06-26T13:38:15","guid":{"rendered":"https:\/\/sodyhtlupa.net.wp2.kotisivut.com\/?page_id=7"},"modified":"2023-06-27T12:08:02","modified_gmt":"2023-06-27T12:08:02","slug":"yhteystiedot","status":"publish","type":"page","link":"https:\/\/sodyhtlupa.net\/?page_id=7","title":{"rendered":"Yhteystiedot"},"content":{"rendered":"\n<div class=\"wp-block-group\"><div class=\"wp-block-group__inner-container is-layout-constrained wp-block-group-is-layout-constrained\">\n<p><strong>Sodankyl\u00e4n hirviyhteisluvan vet\u00e4j\u00e4<\/strong><br>Jani Kustula<br>0407 161621<br> <br>hirvilupa(at)gmail.com<\/p>\n\n\n\n<p><strong>Sodankyl\u00e4n hirviyhteisluvan varamies ja Urho Kekkosen kansallispuistossa mets\u00e4st\u00e4vien yhdyshenkil\u00f6<\/strong><br>Vili V\u00e4yrynen<br>040 416 2029<br><br>vili.vayrynen(at)hotmail.com<\/p>\n<\/div><\/div>\n\n\n\n<div class=\"wp-block-group\"><div class=\"wp-block-group__inner-container is-layout-constrained wp-block-group-is-layout-constrained\">\n<p>N\u00e4it\u00e4 sivuja yll\u00e4pit\u00e4\u00e4 Heikki Remes heikki.remes(at)gmail.com, Jani Kustula ja Vili V\u00e4yrynen<\/p>\n<\/div><\/div>\n","protected":false},"excerpt":{"rendered":"","protected":false},"author":1,"featured_media":0,"parent":0,"menu_order":2,"comment_status":"closed","ping_status":"closed","template":"page-templates\/full-width.php","meta":{"footnotes":""},"class_list":["post-7","page","type-page","status-publish","hentry"],"_links":{"self":[{"href":"https:\/\/sodyhtlupa.net\/index.php?rest_route=\/wp\/v2\/pages\/7","targetHints":{"allow":["GET"]}}],"collection":[{"href":"https:\/\/sodyhtlupa.net\/index.php?rest_route=\/wp\/v2\/pages"}],"about":[{"href":"https:\/\/sodyhtlupa.net\/index.php?rest_route=\/wp\/v2\/types\/page"}],"author":[{"embeddable":true,"href":"https:\/\/sodyhtlupa.net\/index.php?rest_route=\/wp\/v2\/users\/1"}],"replies":[{"embeddable":true,"href":"https:\/\/sodyhtlupa.net\/index.php?rest_route=%2Fwp%2Fv2%2Fcomments&post=7"}],"version-history":[{"count":8,"href":"https:\/\/sodyhtlupa.net\/index.php?rest_route=\/wp\/v2\/pages\/7\/revisions"}],"predecessor-version":[{"id":340,"href":"https:\/\/sodyhtlupa.net\/index.php?rest_route=\/wp\/v2\/pages\/7\/revisions\/340"}],"wp:attachment":[{"href":"https:\/\/sodyhtlupa.net\/index.php?rest_route=%2Fwp%2Fv2%2Fmedia&parent=7"}],"curies":[{"name":"wp","href":"https:\/\/api.w.org\/{rel}","templated":true}]}}