{"id":436,"date":"2023-08-03T14:21:42","date_gmt":"2023-08-03T14:21:42","guid":{"rendered":"https:\/\/sodyhtlupa.net.wp2.kotisivut.com\/?page_id=436"},"modified":"2026-03-29T19:08:22","modified_gmt":"2026-03-29T19:08:22","slug":"syksyn-pyynti","status":"publish","type":"page","link":"https:\/\/sodyhtlupa.net\/?page_id=436","title":{"rendered":"Syksyn pyynti"},"content":{"rendered":"\n<p><strong>Hirvenpyyntilupaan liittyv\u00e4t maksut hoidetaan seuraavasti:<\/strong><br>Osakas toimittaa yhden kuitin maksuistaan saalisilmoituksen mukana yhteisluvan vet\u00e4j\u00e4lle.<br>Yhteislupaan liittyj\u00e4= yhteisluvan osakas= siirretyn pyyntiluvan saaja on maksaja.<br>Seuran\/seurueen eri pyyntiporukat maksavat seuran\/seurueen tilille ja seuran\/seurueen vet\u00e4j\u00e4 maksaa kootusti kaatolupamaksun hirviyhteisluvan tilille.<br>Maksut suorittaa osakas saamansa kaatom\u00e4\u00e4r\u00e4n mukaisesti. Ulkopaikkakuntalaisista osakas maksaa ilmoittamansa m\u00e4\u00e4r\u00e4n mukaisen.<br>V\u00e4litt\u00f6m\u00e4sti hirven tai hirvien tullessa kaadetuiksi maksetaan Pohjolan Osuuspankin Sodankyl\u00e4n hirviyhteisluvan tilille: FI 17564 12520 016387.<br>Aikuisesta hirvest\u00e4 maksetaan 130 \u20ac ja vasasta maksetaan 55 \u20ac.<br>Kaikki maksut tulee olla suoritettuna viimeist\u00e4\u00e4n 17.1.2027 kuluessa<\/p>\n\n\n\n<p>Riistakeskuksen my\u00f6nt\u00e4m\u00e4 lupa (tulee my\u00f6hemmin)<\/p>\n\n\n\n<p>Aluelupa ja maastoliikennelupa (tulee my\u00f6hemmin)<\/p>\n\n\n\n<p>Vieraslupien (luvan ulkopuolisten) mets\u00e4styslupa mahdollista <strong>21.09.2026<\/strong> alkaen. Vieraslupien ostoon tarvittava hakemuksen tunniste (koodi): <strong>25084<\/strong><\/p>\n\n\n\n<p>Ampujaluettelossa ilmoitettujen mets\u00e4st\u00e4jien lis\u00e4ksi alueluvan saaja voi tuoda jahtiin lyhytaikaisia mets\u00e4stysvieraita (lukuun ottamatta syyskuun hirvenpyyntijaksoa Lapissa, Taivalkoskella ja Kuusamossa) henkil\u00f6kohtaista vuorokausilupaa (22 EUR) vastaan (myynti er\u00e4luvat -sovelluksen tai lupahakuj\u00e4rjestelm\u00e4n kautta 21.9.2026 alkaen). Vierasluvalla mets\u00e4st\u00e4v\u00e4n mukana mets\u00e4stystapahtumassa on oltava aina seurueen mets\u00e4styksen johtaja tai varajohtaja.<\/p>\n\n\n\n<p>Ampujan siirt\u00e4minen toisen seurueen\/seuran pyyntilupahakemukseen ei ole sallittua. Aluelupahaussa ilmoitetun ampujan\/ampujien poistamisesta pyyntilupahakemuksesta on ilmoitettava aluelupap\u00e4\u00e4t\u00f6ksen tehneelle er\u00e4suunnittelijalle<\/p>\n\n\n\n<p>Mik\u00e4li t\u00e4m\u00e4n alueluvan mukaisella alueella tulee mets\u00e4st\u00e4m\u00e4\u00e4n sellaisia  paikkakuntalaisia henkil\u00f6it\u00e4, joita ei ole ilmoitettu ampujaluettelossa, alueluvansaajan tulee tehd\u00e4 t\u00e4st\u00e4 ilmoitus Mets\u00e4hallitukselle<\/p>\n\n\n\n<p>Ilmoitus Mets\u00e4hallitukselle on teht\u00e4v\u00e4 my\u00f6s niist\u00e4 ulkopaikkakuntalaisista henkil\u00f6ist\u00e4, jotka liittyv\u00e4t t\u00e4m\u00e4n alueluvan seurueen mets\u00e4stykseen samalla lupa-alueella, minne ovat henkil\u00f6kohtaisen maksun jo toisen seurueen j\u00e4senen\u00e4 maksaneet <\/p>\n\n\n\n<p>Alueluvan saajalla ja h\u00e4nen suostumuksellaan muilla hakemuksessa mainituilla henkil\u00f6ill\u00e4 on lupa kouluttaa t\u00e4m\u00e4n oikeuden piiriin kuuluvalla alueella hirvikoiraa <strong>20.8.\u201331.12.2026<\/strong> v\u00e4lisen\u00e4 aikana<\/p>\n\n\n\n<p><\/p>\n","protected":false},"excerpt":{"rendered":"<p>Hirvenpyyntilupaan liittyv\u00e4t maksut hoidetaan seuraavasti:Osakas toimittaa yhden kuitin maksuistaan saalisilmoituksen mukana yhteisluvan vet\u00e4j\u00e4lle.Yhteislupaan liittyj\u00e4= yhteisluvan osakas= siirretyn pyyntiluvan saaja on maksaja.Seuran\/seurueen eri pyyntiporukat maksavat seuran\/seurueen tilille ja seuran\/seurueen vet\u00e4j\u00e4 maksaa kootusti kaatolupamaksun hirviyhteisluvan tilille.Maksut suorittaa osakas saamansa kaatom\u00e4\u00e4r\u00e4n mukaisesti. Ulkopaikkakuntalaisista osakas maksaa ilmoittamansa m\u00e4\u00e4r\u00e4n mukaisen.V\u00e4litt\u00f6m\u00e4sti hirven tai hirvien tullessa kaadetuiksi maksetaan Pohjolan Osuuspankin Sodankyl\u00e4n hirviyhteisluvan [&hellip;]<\/p>\n","protected":false},"author":1,"featured_media":0,"parent":0,"menu_order":0,"comment_status":"closed","ping_status":"closed","template":"","meta":{"footnotes":""},"class_list":["post-436","page","type-page","status-publish","hentry"],"_links":{"self":[{"href":"https:\/\/sodyhtlupa.net\/index.php?rest_route=\/wp\/v2\/pages\/436","targetHints":{"allow":["GET"]}}],"collection":[{"href":"https:\/\/sodyhtlupa.net\/index.php?rest_route=\/wp\/v2\/pages"}],"about":[{"href":"https:\/\/sodyhtlupa.net\/index.php?rest_route=\/wp\/v2\/types\/page"}],"author":[{"embeddable":true,"href":"https:\/\/sodyhtlupa.net\/index.php?rest_route=\/wp\/v2\/users\/1"}],"replies":[{"embeddable":true,"href":"https:\/\/sodyhtlupa.net\/index.php?rest_route=%2Fwp%2Fv2%2Fcomments&post=436"}],"version-history":[{"count":15,"href":"https:\/\/sodyhtlupa.net\/index.php?rest_route=\/wp\/v2\/pages\/436\/revisions"}],"predecessor-version":[{"id":665,"href":"https:\/\/sodyhtlupa.net\/index.php?rest_route=\/wp\/v2\/pages\/436\/revisions\/665"}],"wp:attachment":[{"href":"https:\/\/sodyhtlupa.net\/index.php?rest_route=%2Fwp%2Fv2%2Fmedia&parent=436"}],"curies":[{"name":"wp","href":"https:\/\/api.w.org\/{rel}","templated":true}]}}