{"id":263,"date":"2023-06-26T19:01:16","date_gmt":"2023-06-26T19:01:16","guid":{"rendered":"https:\/\/sodyhtlupa.net.wp2.kotisivut.com\/?page_id=263"},"modified":"2026-03-30T04:54:33","modified_gmt":"2026-03-30T04:54:33","slug":"luvanhaku","status":"publish","type":"page","link":"https:\/\/sodyhtlupa.net\/?page_id=263","title":{"rendered":"Luvanhaku"},"content":{"rendered":"\n<h2 class=\"wp-block-heading\">Haku on kaksivaiheinen:<\/h2>\n\n\n\n<h2 class=\"wp-block-heading\">Vaihe 1. Tammikuu<\/h2>\n\n\n\n<p style=\"font-size:15px\"><strong>Vieraspaikkakuntalaisten ja seurojen tai seurueiden ilmoittaminen yhteislupaan<\/strong><\/p>\n\n\n\n<p class=\"has-small-font-size\">Seuran tai seurueen luvanhakija (osakas) tai valtuutettu edustaja osallistuu yhteisluvan kokoukseen. Kokouksessa Sodankyl\u00e4n hirviyhteislupa j\u00e4rjest\u00e4ytyy ja tiedottaa tulevasta lupaprosessista.<\/p>\n\n\n\n<p class=\"has-small-font-size\">Jokainen osakas luo Oma riistaan uuden hirvialueen vuodelle 2026\u201327 ja lis\u00e4\u00e4 siit\u00e4 saadun aluetunnuksen ulkopaikkakuntalaisten ilmoittamiseen tarkoitettuun lomakkeeseen sille tarkoitetulle paikalle. Mets\u00e4hallitus vaatii aluetunnuksen kaikilta niilt\u00e4 seuroilta tai seurueilta, joilla on ulkopaikkakuntalaisia mets\u00e4st\u00e4ji\u00e4 jo aluelupaa haettaessa!&nbsp;<\/p>\n\n\n\n<p class=\"has-small-font-size\">Osakas ilmoittautuu tammikuussa yhteislupaan l\u00e4hett\u00e4m\u00e4ll\u00e4 listan ulkopaikkakuntalaisista ja maksamalla ulkopaikkakuntalaisten hirvenmets\u00e4stysoikeusmaksun kootusti Sodankyl\u00e4n hirviyhteisluvan tilille. Vuonna 2026 maksu on 60\u20ac\/ulkopaikkakuntalainen. Vaikka seuralla tai seurueella ei olisi ulkopaikkakuntalaisia lainkaan, tulee seura tai seurue ilmoittaa yhteislupaan.<\/p>\n\n\n\n<p class=\"has-small-font-size\">Osakas l\u00e4hett\u00e4\u00e4 Excel-taulukon ja maksutositteen s\u00e4hk\u00f6isesti osoitteeseen&nbsp;<a href=\"mailto:hirvilupa@gmail.com\">hirvilupa@gmail.com<\/a>&nbsp;sek\u00e4 l\u00e4hett\u00e4\u00e4 siit\u00e4 kopiot&nbsp;<a href=\"mailto:jani.kustula@gmail.com\">jani.kustula@gmail.com<\/a>&nbsp;ja&nbsp;<a href=\"mailto:vili.vayrynen@hotmail.com\">vili.vayrynen@hotmail.com<\/a>&nbsp;osoitteisiin viimeist\u00e4\u00e4n&nbsp;<strong>perjantaihin 24.1.2026<\/strong>&nbsp;menness\u00e4. Ampujat merkit\u00e4\u00e4n luetteloon sukunimitt\u00e4in aakkosj\u00e4rjestyksess\u00e4. Ampujalla tulee olla luvat ja kokeet voimassa luvanhaussa. Lupaa ei voi en\u00e4\u00e4 t\u00e4ydent\u00e4\u00e4 huhtikuussa ulkopaikkakuntalaisten osalta!<\/p>\n\n\n\n<p class=\"has-small-font-size\">Maksutiedot:<\/p>\n\n\n\n<pre class=\"wp-block-preformatted\">Saaja: Sodankyl\u00e4n hirviyhteisluvat<br>Tilinumero: FI 17564 12520 016387<br>Viesti: Seuran\/seurueen ulkopaikkakuntalaiset yht __ kpl<\/pre>\n\n\n\n<p class=\"has-small-font-size\">Hirviyhteisluvan p\u00e4\u00e4llikk\u00f6 hakee pyyntiluvan ulkopaikkakuntalaisille Mets\u00e4hallitukselta kerralla yhdell\u00e4 hakemuksella ja maksaa yhteisluvan tililt\u00e4 yhdell\u00e4 siirrolla.<\/p>\n\n\n\n<h2 class=\"wp-block-heading\">Vaihe 2. Huhtikuu<\/h2>\n\n\n\n<p><strong>Seurojen tai seurueiden tietojen ker\u00e4\u00e4minen ja ilmoittaminen hirviyhteislupaan<\/strong><\/p>\n\n\n\n<p class=\"has-small-font-size\">Osakas m\u00e4\u00e4ritt\u00e4\u00e4 oman hirvenmets\u00e4stysalueen lopullisesti tulevalle kaudelle. Viimeiset muokkaukset mets\u00e4stysalueisiin saa tehd\u00e4 huhtikuun loppuun saakka. Muista p\u00e4ivitt\u00e4\u00e4 Oma riistan ilmoittamat alueet ja tarkistaa, ett\u00e4 kaikki seuralle tai seurueelle kuuluvat vuokramaat ovat alueessa mukana. Luvan j\u00e4tt\u00e4misen j\u00e4lkeen alueisiin EI saa tehd\u00e4 muutoksia.<\/p>\n\n\n\n<p class=\"has-small-font-size\">Lopuksi osakas laatii lopullisen ampujalistan Excel-taulukkoon ja t\u00e4ytt\u00e4\u00e4 kansilehden. Listaan merkit\u00e4\u00e4n kaikki lupaan osallistuvat, my\u00f6s tammikuussa ilmoitetut henkil\u00f6t. Osakas l\u00e4hett\u00e4\u00e4 t\u00e4ydellisen ampujalistan (kaikki lupaan osallistuvat) sek\u00e4 muut asiapaperit viimeist\u00e4\u00e4n perjantaihin <strong>24.4.2026<\/strong> menness\u00e4 yhteisluvan vet\u00e4j\u00e4lle s\u00e4hk\u00f6isen\u00e4. Takaraja on ehdoton, jotta yhteisluvan vet\u00e4j\u00e4t ehtiv\u00e4t tarkistaa osakasluettelot ja pyyt\u00e4\u00e4 osakkaita tekem\u00e4\u00e4n mahdolliset korjaukset hakuun liittyen.<\/p>\n\n\n\n<p class=\"has-small-font-size\"><strong>Muistilista<\/strong><\/p>\n\n\n\n<ol class=\"wp-block-list\">\n<li class=\"has-small-font-size\">Osakas t\u00e4ytt\u00e4\u00e4 KANSILEHTEEN&nbsp;kaikki pyydett\u00e4v\u00e4t kohdat. Kaikki tiedot l\u00f6ytyv\u00e4t Oma riistasta. Ampujam\u00e4\u00e4r\u00e4t ja vieraspaikkakuntalaiset, sek\u00e4 muut ampujiin liittyv\u00e4t tiedot l\u00f6ytyv\u00e4t ampujaluettelosta. Muista laittaa oikean vuoden ALUETUNNUS kansilehteen, koska se liitt\u00e4\u00e4 seuran tai seurueen yhteislupaan.<\/li>\n\n\n\n<li class=\"has-small-font-size\">Osakas t\u00e4ytt\u00e4\u00e4 AMPUJALUETTELOON kaikki hirvenmets\u00e4stykseen osallistuvat ampujat kirjataan ampujaluetteloon sukunimen mukaan aakkosj\u00e4rjestyksess\u00e4. Ampujaluettelon on oltava Excel-muodossa (pdf, kuva jne ei hyv\u00e4ksyt\u00e4). Tammikuun j\u00e4lkeen tulleita vieraspaikkakuntalaisia ei en\u00e4\u00e4 hyv\u00e4ksyt\u00e4. Ampujiksi hyv\u00e4ksyt\u00e4\u00e4n kaikki ne henkil\u00f6t, joilla on voimassa oleva ampumakoe tai kuluvana vuonna (2026) vanheneva ampumakoe. Eli kaikki 2023 vuonna ammutut kokeet ovat viel\u00e4 mukana haussa.<\/li>\n\n\n\n<li class=\"has-small-font-size\">Tarkista Oma riistassa olevat VUOKRAMAAT sek\u00e4 valtion maat. L\u00e4het\u00e4 tarkistettu lista vuokramaista excel-tiedostona.&nbsp;<\/li>\n<\/ol>\n\n\n\n<p class=\"has-small-font-size\">T\u00e4ydelliset ampujaluettelot palautetaan yhteisluvan vet\u00e4j\u00e4lle s\u00e4hk\u00f6isen\u00e4 Excel-taulukkona osoitteeseen hirvilupa@gmail.com sek\u00e4 kopio jani.kustula@gmail.com ja vili.vayrynen@hotmail.com<\/p>\n\n\n\n<ul class=\"wp-block-list\"><\/ul>\n\n\n\n<h2 class=\"wp-block-heading\">Selvityspyynn\u00f6t ja korjaukset<\/h2>\n\n\n\n<p class=\"has-small-font-size\">Luvan j\u00e4tt\u00e4misen j\u00e4lkeen touko-\/kes\u00e4kuussa Suomen riistakeskukselta tulee mahdollisesti erilaisia tarkistus-\/selvityspyynt\u00f6j\u00e4 lupaan liittyen. T\u00e4ll\u00f6in selvityspyynt\u00f6 siirret\u00e4\u00e4n osakkaalle ja osakas tekee mahdolliset muutokset esimerkiksi mets\u00e4stysalueeseen, johon muulloin EI saa muutoksia tehd\u00e4. Yleisimm\u00e4t selvityspyynn\u00f6t koskee p\u00e4\u00e4llekk\u00e4isi\u00e4 maa-alueita tai mets\u00e4st\u00e4j\u00e4n tiedoissa on jotakin ep\u00e4m\u00e4\u00e4r\u00e4ist\u00e4.<\/p>\n\n\n\n<p><\/p>\n","protected":false},"excerpt":{"rendered":"<p>Haku on kaksivaiheinen: Vaihe 1. Tammikuu Vieraspaikkakuntalaisten ja seurojen tai seurueiden ilmoittaminen yhteislupaan Seuran tai seurueen luvanhakija (osakas) tai valtuutettu edustaja osallistuu yhteisluvan kokoukseen. Kokouksessa Sodankyl\u00e4n hirviyhteislupa j\u00e4rjest\u00e4ytyy ja tiedottaa tulevasta lupaprosessista. Jokainen osakas luo Oma riistaan uuden hirvialueen vuodelle 2026\u201327 ja lis\u00e4\u00e4 siit\u00e4 saadun aluetunnuksen ulkopaikkakuntalaisten ilmoittamiseen tarkoitettuun lomakkeeseen sille tarkoitetulle paikalle. Mets\u00e4hallitus vaatii [&hellip;]<\/p>\n","protected":false},"author":1,"featured_media":0,"parent":0,"menu_order":0,"comment_status":"closed","ping_status":"closed","template":"","meta":{"footnotes":""},"class_list":["post-263","page","type-page","status-publish","hentry"],"_links":{"self":[{"href":"https:\/\/sodyhtlupa.net\/index.php?rest_route=\/wp\/v2\/pages\/263","targetHints":{"allow":["GET"]}}],"collection":[{"href":"https:\/\/sodyhtlupa.net\/index.php?rest_route=\/wp\/v2\/pages"}],"about":[{"href":"https:\/\/sodyhtlupa.net\/index.php?rest_route=\/wp\/v2\/types\/page"}],"author":[{"embeddable":true,"href":"https:\/\/sodyhtlupa.net\/index.php?rest_route=\/wp\/v2\/users\/1"}],"replies":[{"embeddable":true,"href":"https:\/\/sodyhtlupa.net\/index.php?rest_route=%2Fwp%2Fv2%2Fcomments&post=263"}],"version-history":[{"count":14,"href":"https:\/\/sodyhtlupa.net\/index.php?rest_route=\/wp\/v2\/pages\/263\/revisions"}],"predecessor-version":[{"id":671,"href":"https:\/\/sodyhtlupa.net\/index.php?rest_route=\/wp\/v2\/pages\/263\/revisions\/671"}],"wp:attachment":[{"href":"https:\/\/sodyhtlupa.net\/index.php?rest_route=%2Fwp%2Fv2%2Fmedia&parent=263"}],"curies":[{"name":"wp","href":"https:\/\/api.w.org\/{rel}","templated":true}]}}