{"id":232,"date":"2023-06-26T17:28:38","date_gmt":"2023-06-26T17:28:38","guid":{"rendered":"https:\/\/sodyhtlupa.net.wp2.kotisivut.com\/?page_id=232"},"modified":"2025-01-16T13:53:12","modified_gmt":"2025-01-16T13:53:12","slug":"kartat","status":"publish","type":"page","link":"https:\/\/sodyhtlupa.net\/?page_id=232","title":{"rendered":"Kartat"},"content":{"rendered":"\n<p>Tarkemmat ja ajantasaisemmat zoomattavat kartat hirvenpyyntialueista ovat <a href=\"https:\/\/www.retkikartta.fi\/\">Retkikartta.fi<\/a>:ssa ja Oma riistassa<br>Sodankyl\u00e4n hirviyhteisluvassa tulee huomioida, ett\u00e4 Retkikartta.fi:n ja Oma riistan valtionmaiden hirvenpyyntialueet ovat joilta osin rajattuja ja kuntalaisen vapaan mets\u00e4stysoikeuden kautta mets\u00e4stysoikeus on laajempi.<\/p>\n\n\n\n<p>Tee alueesi Oma riistaan, muista lis\u00e4t\u00e4 my\u00f6s valtion maiden sirpalealueet erityisesti seurojen maiden sis\u00e4ll\u00e4 olevat, jotka yhtenev\u00e4t Sodankyl\u00e4n hirviyhteisluvan osakkaiden yksityismaiden kautta. Yhtenevyytt\u00e4 voi tutkia edellisen vuoden Oma riista karttojen kautta.<\/p>\n\n\n\n<p>Suositeltava tapa on muodostaa pyyntialue ensin omilla yksityismailla ja lis\u00e4t\u00e4 valtion maiden hirvenmets\u00e4stysalueet ja lis\u00e4t\u00e4 tarvitut valtionmaiden sirpalealueet. Kopioinnissa aikaisemmilta vuosilta tulee olla tarkkana, koska voi tulla mukaan v\u00e4\u00e4ri\u00e4 alueita, joiden tilanne on muuttunut. N\u00e4in ei tule turhia pieni\u00e4 alueita mukaan. Sirpalealueet tulee Oma riistan ty\u00f6kaululla poistaa. Yksityismaiden sirpalealueista Riistakeskus l\u00e4hett\u00e4\u00e4 selvityspyynn\u00f6n, joten niiden kanssa on syyt\u00e4 olla tarkkana. <\/p>\n\n\n\n<p><a href=\"https:\/\/sodyhtlupa.net\/wp-content\/uploads\/2023\/06\/Pyha_Luoston-metsastyskieltoalue.pdf\" target=\"_blank\" rel=\"noreferrer noopener\">Pyh\u00e4-Luoston kansallispuiston mets\u00e4styskieltoalue<\/a><\/p>\n\n\n\n<p>On sovittu ja ollut vuosikymmeni\u00e4 k\u00e4yt\u00e4nt\u00f6n\u00e4, ettei varuskunnan ja T\u00e4htel\u00e4n valtionmaa-alueilla mets\u00e4stet\u00e4, vaikka ovat sin\u00e4ns\u00e4 sallittuja kuntalaisen vapaan mets\u00e4stysoikeuden omaaville. Kattilamaan alue liittyy yksityismaiden kautta, vaikka on valtionmaan alle 1000 ha sirpalealue. Yhteisluvan osakas voi lis\u00e4t\u00e4 pyyntialueeseensa Oma riistan ty\u00f6kaluilla, jos katsoo tarpeelliseksi. Alue tulee olla kartassa, jos alueella pyyt\u00e4\u00e4. <\/p>\n\n\n\n<figure class=\"wp-block-image size-full\"><img loading=\"lazy\" decoding=\"async\" width=\"508\" height=\"565\" src=\"https:\/\/sodyhtlupa.net.wp2.kotisivut.com\/wp-content\/uploads\/2023\/06\/image-1.png\" alt=\"\" class=\"wp-image-235\" srcset=\"https:\/\/sodyhtlupa.net\/wp-content\/uploads\/2023\/06\/image-1.png 508w, https:\/\/sodyhtlupa.net\/wp-content\/uploads\/2023\/06\/image-1-270x300.png 270w\" sizes=\"auto, (max-width: 508px) 100vw, 508px\" \/><\/figure>\n\n\n\n<figure class=\"wp-block-image size-full\"><img loading=\"lazy\" decoding=\"async\" width=\"813\" height=\"806\" src=\"https:\/\/sodyhtlupa.net.wp2.kotisivut.com\/wp-content\/uploads\/2023\/06\/image.png\" alt=\"\" class=\"wp-image-234\" srcset=\"https:\/\/sodyhtlupa.net\/wp-content\/uploads\/2023\/06\/image.png 813w, https:\/\/sodyhtlupa.net\/wp-content\/uploads\/2023\/06\/image-300x297.png 300w, https:\/\/sodyhtlupa.net\/wp-content\/uploads\/2023\/06\/image-150x150.png 150w, https:\/\/sodyhtlupa.net\/wp-content\/uploads\/2023\/06\/image-768x761.png 768w\" sizes=\"auto, (max-width: 813px) 100vw, 813px\" \/><\/figure>\n","protected":false},"excerpt":{"rendered":"<p>Tarkemmat ja ajantasaisemmat zoomattavat kartat hirvenpyyntialueista ovat Retkikartta.fi:ssa ja Oma riistassaSodankyl\u00e4n hirviyhteisluvassa tulee huomioida, ett\u00e4 Retkikartta.fi:n ja Oma riistan valtionmaiden hirvenpyyntialueet ovat joilta osin rajattuja ja kuntalaisen vapaan mets\u00e4stysoikeuden kautta mets\u00e4stysoikeus on laajempi. Tee alueesi Oma riistaan, muista lis\u00e4t\u00e4 my\u00f6s valtion maiden sirpalealueet erityisesti seurojen maiden sis\u00e4ll\u00e4 olevat, jotka yhtenev\u00e4t Sodankyl\u00e4n hirviyhteisluvan osakkaiden yksityismaiden kautta. [&hellip;]<\/p>\n","protected":false},"author":1,"featured_media":0,"parent":11,"menu_order":0,"comment_status":"closed","ping_status":"closed","template":"page-templates\/full-width.php","meta":{"footnotes":""},"class_list":["post-232","page","type-page","status-publish","hentry"],"_links":{"self":[{"href":"https:\/\/sodyhtlupa.net\/index.php?rest_route=\/wp\/v2\/pages\/232","targetHints":{"allow":["GET"]}}],"collection":[{"href":"https:\/\/sodyhtlupa.net\/index.php?rest_route=\/wp\/v2\/pages"}],"about":[{"href":"https:\/\/sodyhtlupa.net\/index.php?rest_route=\/wp\/v2\/types\/page"}],"author":[{"embeddable":true,"href":"https:\/\/sodyhtlupa.net\/index.php?rest_route=\/wp\/v2\/users\/1"}],"replies":[{"embeddable":true,"href":"https:\/\/sodyhtlupa.net\/index.php?rest_route=%2Fwp%2Fv2%2Fcomments&post=232"}],"version-history":[{"count":10,"href":"https:\/\/sodyhtlupa.net\/index.php?rest_route=\/wp\/v2\/pages\/232\/revisions"}],"predecessor-version":[{"id":592,"href":"https:\/\/sodyhtlupa.net\/index.php?rest_route=\/wp\/v2\/pages\/232\/revisions\/592"}],"up":[{"embeddable":true,"href":"https:\/\/sodyhtlupa.net\/index.php?rest_route=\/wp\/v2\/pages\/11"}],"wp:attachment":[{"href":"https:\/\/sodyhtlupa.net\/index.php?rest_route=%2Fwp%2Fv2%2Fmedia&parent=232"}],"curies":[{"name":"wp","href":"https:\/\/api.w.org\/{rel}","templated":true}]}}