{"id":18,"date":"2023-06-26T15:26:11","date_gmt":"2023-06-26T15:26:11","guid":{"rendered":"https:\/\/sodyhtlupa.net.wp2.kotisivut.com\/?page_id=18"},"modified":"2024-04-08T16:17:18","modified_gmt":"2024-04-08T16:17:18","slug":"muistiot","status":"publish","type":"page","link":"https:\/\/sodyhtlupa.net\/?page_id=18","title":{"rendered":"Muistiot"},"content":{"rendered":"\n<p>Sodankyl\u00e4n ja Koilliskairan hirviyhteislupien muistiot<\/p>\n\n\n\n<p class=\"has-small-font-size\">Sodankyl\u00e4n hirviyhteisluvan kokousmuistioita. S\u00e4\u00e4nt\u00f6jen mukaan pidet\u00e4\u00e4n tammikuussa hirvenpyynnin kritiikkipalaveri. Maalis-huhtikuussa hakukokous ja loppukes\u00e4ll\u00e4 lupien jakokokous. <br>Tarvittaessa kutsutaan kokous koolle muulloinkin.<\/p>\n\n\n\n<p class=\"has-small-font-size\">Pit\u00e4m\u00e4tt\u00e4 j\u00e4\u00e4neet kokoukset v. 2020-2022 johtuvat COVID-19 (korona) rajoituksista kokoontumisille. <\/p>\n\n\n\n<div class=\"wp-block-columns is-layout-flex wp-container-core-columns-is-layout-9d6595d7 wp-block-columns-is-layout-flex\">\n<div class=\"wp-block-column is-layout-flow wp-block-column-is-layout-flow\" style=\"flex-basis:100%\">\n<div class=\"wp-block-group\"><div class=\"wp-block-group__inner-container is-layout-constrained wp-block-group-is-layout-constrained\">\n<figure class=\"wp-block-table\"><table><tbody><tr><td>Vuosi<\/td><td>Palautepalaveri<\/td><td>Hakukokous<\/td><td>Jakokokous<\/td><\/tr><tr><td>2024<\/td><td>&#8211;<\/td><td><a href=\"https:\/\/sodyhtlupa.net\/wp-content\/uploads\/2024\/04\/Poytakirja-19_3_2024-yhteisluvat.pdf\">19.3.2024<\/a><\/td><td><\/td><\/tr><tr><td>2023<\/td><td>?<\/td><td>?<\/td><td><\/td><\/tr><tr><td>2022<\/td><td>Ei pidetty<\/td><td><a href=\"https:\/\/sodyhtlupa.net\/wp-content\/uploads\/2023\/06\/Sodankylan_hirviyhteisluvan_pk_31032022.pdf\" target=\"_blank\" rel=\"noreferrer noopener\">31.3.2022<\/a><\/td><td>?<\/td><\/tr><tr><td>2021<\/td><td>Ei pidetty<\/td><td>Ei pidetty<\/td><td>Ei pidetty<\/td><\/tr><tr><td>2020<\/td><td><a href=\"https:\/\/sodyhtlupa.net\/wp-content\/uploads\/2023\/06\/Palautepalaveri_yhteislupa_2020.pdf\" target=\"_blank\" rel=\"noreferrer noopener\">19.1.2020<\/a><\/td><td>Ei pidetty<\/td><td>Ei pidetty<\/td><\/tr><\/tbody><\/table><\/figure>\n\n\n\n<p>2001-2019 muistiot saatavissa yhteisluvilta pyynn\u00f6st\u00e4. <\/p>\n<\/div><\/div>\n<\/div>\n<\/div>\n","protected":false},"excerpt":{"rendered":"<p>Sodankyl\u00e4n ja Koilliskairan hirviyhteislupien muistiot Sodankyl\u00e4n hirviyhteisluvan kokousmuistioita. S\u00e4\u00e4nt\u00f6jen mukaan pidet\u00e4\u00e4n tammikuussa hirvenpyynnin kritiikkipalaveri. Maalis-huhtikuussa hakukokous ja loppukes\u00e4ll\u00e4 lupien jakokokous. Tarvittaessa kutsutaan kokous koolle muulloinkin. Pit\u00e4m\u00e4tt\u00e4 j\u00e4\u00e4neet kokoukset v. 2020-2022 johtuvat COVID-19 (korona) rajoituksista kokoontumisille. Vuosi Palautepalaveri Hakukokous Jakokokous 2024 &#8211; 19.3.2024 2023 ? ? 2022 Ei pidetty 31.3.2022 ? 2021 Ei pidetty Ei pidetty [&hellip;]<\/p>\n","protected":false},"author":1,"featured_media":0,"parent":0,"menu_order":0,"comment_status":"closed","ping_status":"closed","template":"","meta":{"footnotes":""},"class_list":["post-18","page","type-page","status-publish","hentry"],"_links":{"self":[{"href":"https:\/\/sodyhtlupa.net\/index.php?rest_route=\/wp\/v2\/pages\/18","targetHints":{"allow":["GET"]}}],"collection":[{"href":"https:\/\/sodyhtlupa.net\/index.php?rest_route=\/wp\/v2\/pages"}],"about":[{"href":"https:\/\/sodyhtlupa.net\/index.php?rest_route=\/wp\/v2\/types\/page"}],"author":[{"embeddable":true,"href":"https:\/\/sodyhtlupa.net\/index.php?rest_route=\/wp\/v2\/users\/1"}],"replies":[{"embeddable":true,"href":"https:\/\/sodyhtlupa.net\/index.php?rest_route=%2Fwp%2Fv2%2Fcomments&post=18"}],"version-history":[{"count":22,"href":"https:\/\/sodyhtlupa.net\/index.php?rest_route=\/wp\/v2\/pages\/18\/revisions"}],"predecessor-version":[{"id":552,"href":"https:\/\/sodyhtlupa.net\/index.php?rest_route=\/wp\/v2\/pages\/18\/revisions\/552"}],"wp:attachment":[{"href":"https:\/\/sodyhtlupa.net\/index.php?rest_route=%2Fwp%2Fv2%2Fmedia&parent=18"}],"curies":[{"name":"wp","href":"https:\/\/api.w.org\/{rel}","templated":true}]}}