{"id":11,"date":"2023-06-26T13:45:08","date_gmt":"2023-06-26T13:45:08","guid":{"rendered":"https:\/\/sodyhtlupa.net.wp2.kotisivut.com\/?page_id=11"},"modified":"2026-03-30T05:42:08","modified_gmt":"2026-03-30T05:42:08","slug":"ohjeita","status":"publish","type":"page","link":"https:\/\/sodyhtlupa.net\/?page_id=11","title":{"rendered":"Ohjeita"},"content":{"rendered":"\n<p style=\"font-size:15px\"><a href=\"https:\/\/riista.fi\/tietoa-metsastyksesta\/oma-riista-palvelu\/\" target=\"_blank\" rel=\"noreferrer noopener\">Oma riistan k\u00e4ytt\u00f6<\/a><\/p>\n\n\n\n<p style=\"font-size:15px\"><a href=\"https:\/\/riista.fi\/metsastys\/tapahtumahaku\/\" target=\"_blank\" rel=\"noreferrer noopener\">Tapahtumahaku<\/a> (ampumakoe) <br>&#8211; Huom! Tarkista rinnakkaisluvan voimassaolo!<\/p>\n\n\n\n<p style=\"font-size:15px\"><a href=\"https:\/\/riista.fi\/tietoa-metsastyksesta\/metsastyslainsaadanto\/\" target=\"_blank\" rel=\"noreferrer noopener\">Ajantasainen lains\u00e4\u00e4d\u00e4nt\u00f6<\/a><\/p>\n\n\n\n<p style=\"font-size:15px\"><a href=\"https:\/\/sodyhtlupa.net\/wp-content\/uploads\/2023\/06\/Ampujaluettelon-kriteeriluokat.pdf\" target=\"_blank\" rel=\"noreferrer noopener\">Ampujaluettelon kriteeriluokat<\/a><\/p>\n\n\n\n<p style=\"font-size:15px\"><a href=\"https:\/\/metsastajalehti.fi\/lait-ja-luvat\/metsastysaseiden-kuljettaminen-maastossa\/\" data-type=\"link\" data-id=\"https:\/\/metsastajalehti.fi\/lait-ja-luvat\/metsastysaseiden-kuljettaminen-maastossa\/\" target=\"_blank\" rel=\"noreferrer noopener\">Aseen kuljettamisesta moottoriajoneuvolla<\/a> (mm. m\u00f6nkij\u00e4 ja moottorikelkka). Passittajien kuljettamiseen valtionmaalla tulee olla maastoliikennelupa (saaliinhakulupa ei riit\u00e4)<\/p>\n\n\n\n<p style=\"font-size:15px\"><a href=\"https:\/\/www.eraluvat.fi\/metsastys\/hirvenmetsastyksen-alueluvat.html\">Hirvenmets\u00e4stys valtion mailla Pohjois-Suomessa<\/a><\/p>\n\n\n\n<p style=\"font-size:15px\"><a href=\"https:\/\/www.eraluvat.fi\/metsastys\/hirvenmetsastyksen-alueluvat\" data-type=\"link\" data-id=\"https:\/\/www.eraluvat.fi\/metsastys\/hirvenmetsastyksen-alueluvat\" target=\"_blank\" rel=\"noreferrer noopener\">Mets\u00e4stys Pohjois-Suomessa<\/a> (mm. tilastoja)<\/p>\n\n\n\n<p style=\"font-size:15px\"><a href=\"https:\/\/www.eraluvat.fi\/ajankohtaista\/uutinen\/paikallisten-oikeutta-voidaan-kaeyttaeae-vaeaerin\" target=\"_blank\" rel=\"noreferrer noopener\">Kotikunnan m\u00e4\u00e4r\u00e4ytymisest\u00e4<\/a><\/p>\n\n\n\n<p><\/p>\n","protected":false},"excerpt":{"rendered":"<p>Oma riistan k\u00e4ytt\u00f6 Tapahtumahaku (ampumakoe) &#8211; Huom! Tarkista rinnakkaisluvan voimassaolo! Ajantasainen lains\u00e4\u00e4d\u00e4nt\u00f6 Ampujaluettelon kriteeriluokat Aseen kuljettamisesta moottoriajoneuvolla (mm. m\u00f6nkij\u00e4 ja moottorikelkka). Passittajien kuljettamiseen valtionmaalla tulee olla maastoliikennelupa (saaliinhakulupa ei riit\u00e4) Hirvenmets\u00e4stys valtion mailla Pohjois-Suomessa Mets\u00e4stys Pohjois-Suomessa (mm. tilastoja) Kotikunnan m\u00e4\u00e4r\u00e4ytymisest\u00e4<\/p>\n","protected":false},"author":1,"featured_media":0,"parent":0,"menu_order":0,"comment_status":"closed","ping_status":"closed","template":"page-templates\/full-width.php","meta":{"footnotes":""},"class_list":["post-11","page","type-page","status-publish","hentry"],"_links":{"self":[{"href":"https:\/\/sodyhtlupa.net\/index.php?rest_route=\/wp\/v2\/pages\/11","targetHints":{"allow":["GET"]}}],"collection":[{"href":"https:\/\/sodyhtlupa.net\/index.php?rest_route=\/wp\/v2\/pages"}],"about":[{"href":"https:\/\/sodyhtlupa.net\/index.php?rest_route=\/wp\/v2\/types\/page"}],"author":[{"embeddable":true,"href":"https:\/\/sodyhtlupa.net\/index.php?rest_route=\/wp\/v2\/users\/1"}],"replies":[{"embeddable":true,"href":"https:\/\/sodyhtlupa.net\/index.php?rest_route=%2Fwp%2Fv2%2Fcomments&post=11"}],"version-history":[{"count":22,"href":"https:\/\/sodyhtlupa.net\/index.php?rest_route=\/wp\/v2\/pages\/11\/revisions"}],"predecessor-version":[{"id":684,"href":"https:\/\/sodyhtlupa.net\/index.php?rest_route=\/wp\/v2\/pages\/11\/revisions\/684"}],"wp:attachment":[{"href":"https:\/\/sodyhtlupa.net\/index.php?rest_route=%2Fwp%2Fv2%2Fmedia&parent=11"}],"curies":[{"name":"wp","href":"https:\/\/api.w.org\/{rel}","templated":true}]}}